{"id":225,"date":"2013-03-21T10:04:51","date_gmt":"2013-03-21T09:04:51","guid":{"rendered":"http:\/\/www.lepennec.org\/partons\/?page_id=225"},"modified":"2015-07-23T12:49:54","modified_gmt":"2015-07-23T10:49:54","slug":"litineraire","status":"publish","type":"page","link":"https:\/\/www.lepennec.org\/partons\/litineraire\/","title":{"rendered":"L&rsquo;itin\u00e9raire"},"content":{"rendered":"<p>Voici notre route :<br \/>\n<iframe loading=\"lazy\" src=\"https:\/\/www.google.com\/maps\/d\/embed?mid=z7tCNlgGfb00.kdUi0i6FppXk\" width=\"640\" height=\"480\"><\/iframe><\/p>\n<p>La nature ne nous a pas aid\u00e9 pour la planification de notre voyage. Nos signes astrologiques respectifs (balance et vierge ascendant balance) nous rendent d\u00e9j\u00e0 la t\u00e2che compliqu\u00e9e au quotidien pour le choix de marques de lessive ou des repas que nous allons pr\u00e9parer, imaginez l&rsquo;angoisse de devoir planifier un itin\u00e9raire de plusieurs mois.<\/p>\n<p>Nous voulions partir de notre appartement et nous diriger vers le sud pour passer les mois d&rsquo;hiver au chaud. Cela nous donnait d\u00e9j\u00e0 un point de d\u00e9part &#8211; Nevers &#8211; et une arriv\u00e9e hypoth\u00e9tique en Gr\u00e8ce ou en Turquie car l\u00e0 encore nos c\u0153urs balancent entre ces deux pays qui semblent plus attirants l&rsquo;un que l&rsquo;autre.<\/p>\n<p>L&rsquo;autre probl\u00e8me que nous avons remarqu\u00e9 en parcourant la carte de l&rsquo;Europe est cette petite boursouflure commun\u00e9ment appel\u00e9e les Alpes qui offrent certes des paysages grandioses mais \u00e9puisants pour le voyageur \u00e0 v\u00e9lo charg\u00e9 comme un chameau.<\/p>\n<p>Il nous restait deux options pour \u00e9viter les d\u00e9nivel\u00e9s et les tourments qui vont avec, passer par le nord ou le sud. Notre choix s&rsquo;est port\u00e9 sur le nord car nous avions envie de d\u00e9couvrir la Pologne et l&rsquo;Ukraine et la culture slave. Les grandes lignes de notre itin\u00e9raire se pr\u00e9cisaient.<\/p>\n<p>Nous devrions donc tr\u00e8s certainement passer par l&rsquo;Allemagne, la R\u00e9publique Tch\u00e8que, la Slovaquie, la Pologne, l&rsquo;Ukraine, la Roumanie, la Gr\u00e8ce et la Turquie et nous ferons peut-\u00eatre des haltes en Moldavie, en Bulgarie et en Autriche. Nous nous laissons le choix d&rsquo;adapter notre route au fur et \u00e0 mesure, selon nos envies, les rencontres, le climat et autres \u00e9l\u00e9ment impromptus.<\/p>\n<p>Enfin, nous avons d\u00e9cid\u00e9 de partir \u00e0 la rencontre de communaut\u00e9s autonomes et d&rsquo;\u00e9co-villages, \u00e0 raison d&rsquo;un par pays travers\u00e9. Ces destinations vont \u00e9galement orienter notre itin\u00e9raire.<\/p>\n","protected":false},"excerpt":{"rendered":"<p>Voici notre route : La nature ne nous a pas aid\u00e9 pour la planification de notre voyage. Nos signes astrologiques respectifs (balance et vierge ascendant balance) nous rendent d\u00e9j\u00e0 la t\u00e2che compliqu\u00e9e au quotidien pour le choix de marques de lessive ou des repas que nous allons pr\u00e9parer, imaginez l&rsquo;angoisse de devoir planifier un itin\u00e9raire [&hellip;]<\/p>\n","protected":false},"author":1,"featured_media":0,"parent":0,"menu_order":0,"comment_status":"open","ping_status":"open","template":"","meta":{"footnotes":""},"class_list":["post-225","page","type-page","status-publish","hentry"],"_links":{"self":[{"href":"https:\/\/www.lepennec.org\/partons\/wp-json\/wp\/v2\/pages\/225","targetHints":{"allow":["GET"]}}],"collection":[{"href":"https:\/\/www.lepennec.org\/partons\/wp-json\/wp\/v2\/pages"}],"about":[{"href":"https:\/\/www.lepennec.org\/partons\/wp-json\/wp\/v2\/types\/page"}],"author":[{"embeddable":true,"href":"https:\/\/www.lepennec.org\/partons\/wp-json\/wp\/v2\/users\/1"}],"replies":[{"embeddable":true,"href":"https:\/\/www.lepennec.org\/partons\/wp-json\/wp\/v2\/comments?post=225"}],"version-history":[{"count":19,"href":"https:\/\/www.lepennec.org\/partons\/wp-json\/wp\/v2\/pages\/225\/revisions"}],"predecessor-version":[{"id":1827,"href":"https:\/\/www.lepennec.org\/partons\/wp-json\/wp\/v2\/pages\/225\/revisions\/1827"}],"wp:attachment":[{"href":"https:\/\/www.lepennec.org\/partons\/wp-json\/wp\/v2\/media?parent=225"}],"curies":[{"name":"wp","href":"https:\/\/api.w.org\/{rel}","templated":true}]}}